{"id":3134,"date":"2025-06-22T19:51:22","date_gmt":"2025-06-22T22:51:22","guid":{"rendered":"https:\/\/cuadratec.com.ar\/producto\/ondusec-25\/"},"modified":"2025-10-14T22:41:16","modified_gmt":"2025-10-15T01:41:16","slug":"ondusec-25","status":"publish","type":"product","link":"https:\/\/cuadratec.com.ar\/?product=ondusec-25","title":{"rendered":"Ondusec 25"},"content":{"rendered":"<p>                        Presentaci\u00f3n: 1,20 x 2,4m. 25mm. Terminaci\u00f3n doble acanalado ac\u00fastico. Exclusivo troquel a 40cm y 60cm. Unidad de venta en bolsa con 5 placas.<br \/>\n                        Usos: Aislante ac\u00fastico de r\u00e1pida y limpia instalaci\u00f3n. Equivale a la aislaci\u00f3n ac\u00fastica de 50 mm. de lana de vidrio simple.<br \/>\n                         Aplicaci\u00f3n: Tabiques divisorios interiores de construcci\u00f3n en seco. Cielorrasos suspendidos. Complemento ac\u00fastico para cualquier tipo de techo.<br \/>\n                        Informaci\u00f3n t\u00e9cnica:<br \/>\n                                https:\/\/www.isolant.com.ar\/aislantes\/ondusec<\/p>\n","protected":false},"excerpt":{"rendered":"<p>Aislante ac\u00fastico de r\u00e1pida y limpia instalaci\u00f3n. Equivale a la aislaci\u00f3n ac\u00fastica de 50 mm. de lana de vidrio simple.<\/p>\n","protected":false},"featured_media":3579,"template":"","meta":[],"product_brand":[152],"product_cat":[147],"product_tag":[90,156,39,149,154,153,155],"class_list":{"0":"post-3134","1":"product","2":"type-product","3":"status-publish","4":"has-post-thumbnail","6":"product_brand-isolant","7":"product_cat-aislantes","8":"product_tag-aislantes","9":"product_tag-castelli","10":"product_tag-chascomus","11":"product_tag-isolant","12":"product_tag-lezama","13":"product_tag-pila","14":"product_tag-ranchos","16":"first","17":"instock","18":"taxable","19":"shipping-taxable","20":"purchasable","21":"product-type-simple"},"_links":{"self":[{"href":"https:\/\/cuadratec.com.ar\/index.php?rest_route=\/wp\/v2\/product\/3134","targetHints":{"allow":["GET"]}}],"collection":[{"href":"https:\/\/cuadratec.com.ar\/index.php?rest_route=\/wp\/v2\/product"}],"about":[{"href":"https:\/\/cuadratec.com.ar\/index.php?rest_route=\/wp\/v2\/types\/product"}],"version-history":[{"count":0,"href":"https:\/\/cuadratec.com.ar\/index.php?rest_route=\/wp\/v2\/product\/3134\/revisions"}],"wp:featuredmedia":[{"embeddable":true,"href":"https:\/\/cuadratec.com.ar\/index.php?rest_route=\/wp\/v2\/media\/3579"}],"wp:attachment":[{"href":"https:\/\/cuadratec.com.ar\/index.php?rest_route=%2Fwp%2Fv2%2Fmedia&parent=3134"}],"wp:term":[{"taxonomy":"product_brand","embeddable":true,"href":"https:\/\/cuadratec.com.ar\/index.php?rest_route=%2Fwp%2Fv2%2Fproduct_brand&post=3134"},{"taxonomy":"product_cat","embeddable":true,"href":"https:\/\/cuadratec.com.ar\/index.php?rest_route=%2Fwp%2Fv2%2Fproduct_cat&post=3134"},{"taxonomy":"product_tag","embeddable":true,"href":"https:\/\/cuadratec.com.ar\/index.php?rest_route=%2Fwp%2Fv2%2Fproduct_tag&post=3134"}],"curies":[{"name":"wp","href":"https:\/\/api.w.org\/{rel}","templated":true}]}}