{"id":3129,"date":"2025-06-22T19:51:21","date_gmt":"2025-06-22T22:51:21","guid":{"rendered":"https:\/\/cuadratec.com.ar\/producto\/alu-stark-10-net\/"},"modified":"2025-10-14T22:41:15","modified_gmt":"2025-10-15T01:41:15","slug":"alu-stark-10-net","status":"publish","type":"product","link":"https:\/\/cuadratec.com.ar\/?product=alu-stark-10-net","title":{"rendered":"ALU Stark 10 NET"},"content":{"rendered":"<p>\t\t\tPresentaci\u00f3n: 1,05 x 20m. 10mm bicapa. Terminaci\u00f3n: Aluminio puro en una cara gofrado blanco a la vista. Red incorporada \u00a1No necesita malla sost\u00e9n!<br \/>\n\t\t\tUsos: Aislante t\u00e9rmico. Impermeable y barrera de vapor. Evita la condensaci\u00f3n. Decor\u00e1 tus ambientes.<br \/>\n\t\t\tAplicaci\u00f3n: Galpones y tinglados con necesidades est\u00e9ticas superiores.<br \/>\n\t\t\tInformaci\u00f3n t\u00e9cnica:<br \/>\n\t\t\t\thttps:\/\/www.isolant.com.ar\/aislantes\/alu-stark-net<\/p>\n","protected":false},"excerpt":{"rendered":"<p>Aislante t\u00e9rmico. Impermeable y barrera de vapor. Evita la condensaci\u00f3n. Decor\u00e1 tus ambientes. <\/p>\n","protected":false},"featured_media":3558,"template":"","meta":[],"product_brand":[152],"product_cat":[151],"product_tag":[90,156,39,149,154,153,155,93],"class_list":{"0":"post-3129","1":"product","2":"type-product","3":"status-publish","4":"has-post-thumbnail","6":"product_brand-isolant","7":"product_cat-termicos","8":"product_tag-aislantes","9":"product_tag-castelli","10":"product_tag-chascomus","11":"product_tag-isolant","12":"product_tag-lezama","13":"product_tag-pila","14":"product_tag-ranchos","15":"product_tag-termicos","17":"first","18":"instock","19":"taxable","20":"shipping-taxable","21":"purchasable","22":"product-type-simple"},"_links":{"self":[{"href":"https:\/\/cuadratec.com.ar\/index.php?rest_route=\/wp\/v2\/product\/3129","targetHints":{"allow":["GET"]}}],"collection":[{"href":"https:\/\/cuadratec.com.ar\/index.php?rest_route=\/wp\/v2\/product"}],"about":[{"href":"https:\/\/cuadratec.com.ar\/index.php?rest_route=\/wp\/v2\/types\/product"}],"version-history":[{"count":0,"href":"https:\/\/cuadratec.com.ar\/index.php?rest_route=\/wp\/v2\/product\/3129\/revisions"}],"wp:featuredmedia":[{"embeddable":true,"href":"https:\/\/cuadratec.com.ar\/index.php?rest_route=\/wp\/v2\/media\/3558"}],"wp:attachment":[{"href":"https:\/\/cuadratec.com.ar\/index.php?rest_route=%2Fwp%2Fv2%2Fmedia&parent=3129"}],"wp:term":[{"taxonomy":"product_brand","embeddable":true,"href":"https:\/\/cuadratec.com.ar\/index.php?rest_route=%2Fwp%2Fv2%2Fproduct_brand&post=3129"},{"taxonomy":"product_cat","embeddable":true,"href":"https:\/\/cuadratec.com.ar\/index.php?rest_route=%2Fwp%2Fv2%2Fproduct_cat&post=3129"},{"taxonomy":"product_tag","embeddable":true,"href":"https:\/\/cuadratec.com.ar\/index.php?rest_route=%2Fwp%2Fv2%2Fproduct_tag&post=3129"}],"curies":[{"name":"wp","href":"https:\/\/api.w.org\/{rel}","templated":true}]}}