{"id":3126,"date":"2025-06-22T19:51:21","date_gmt":"2025-06-22T22:51:21","guid":{"rendered":"https:\/\/cuadratec.com.ar\/producto\/tba-super\/"},"modified":"2025-10-14T22:41:15","modified_gmt":"2025-10-15T01:41:15","slug":"tba-super","status":"publish","type":"product","link":"https:\/\/cuadratec.com.ar\/?product=tba-super","title":{"rendered":"TBA Super"},"content":{"rendered":"<p>\t\t\tPresentaci\u00f3n: 1,25 x 15m. 15mm.<br \/>\n\t\t\tUsos: Aislante t\u00e9rmico. Impermeable y barrera de vapor. Evita la condensaci\u00f3n.<br \/>\n\t\t\tAplicaci\u00f3n: Estructuras de machimbre con teja, estructuras met\u00e1licas con chapa, estructuras de steel framing con OSB o multilaminado fen\u00f3lico.<br \/>\n\t\t\tInformaci\u00f3n t\u00e9cnica:<br \/>\n\t\t\t\thttps:\/\/www.isolant.com.ar\/aislantes\/super-tba<\/p>\n","protected":false},"excerpt":{"rendered":"<p>Aislante t\u00e9rmico. Impermeable y barrera de vapor. Evita la condensaci\u00f3n.<\/p>\n","protected":false},"featured_media":3544,"template":"","meta":[],"product_brand":[152],"product_cat":[151],"product_tag":[90,156,39,149,154,153,155,93],"class_list":{"0":"post-3126","1":"product","2":"type-product","3":"status-publish","4":"has-post-thumbnail","6":"product_brand-isolant","7":"product_cat-termicos","8":"product_tag-aislantes","9":"product_tag-castelli","10":"product_tag-chascomus","11":"product_tag-isolant","12":"product_tag-lezama","13":"product_tag-pila","14":"product_tag-ranchos","15":"product_tag-termicos","17":"first","18":"instock","19":"taxable","20":"shipping-taxable","21":"purchasable","22":"product-type-simple"},"_links":{"self":[{"href":"https:\/\/cuadratec.com.ar\/index.php?rest_route=\/wp\/v2\/product\/3126","targetHints":{"allow":["GET"]}}],"collection":[{"href":"https:\/\/cuadratec.com.ar\/index.php?rest_route=\/wp\/v2\/product"}],"about":[{"href":"https:\/\/cuadratec.com.ar\/index.php?rest_route=\/wp\/v2\/types\/product"}],"version-history":[{"count":0,"href":"https:\/\/cuadratec.com.ar\/index.php?rest_route=\/wp\/v2\/product\/3126\/revisions"}],"wp:featuredmedia":[{"embeddable":true,"href":"https:\/\/cuadratec.com.ar\/index.php?rest_route=\/wp\/v2\/media\/3544"}],"wp:attachment":[{"href":"https:\/\/cuadratec.com.ar\/index.php?rest_route=%2Fwp%2Fv2%2Fmedia&parent=3126"}],"wp:term":[{"taxonomy":"product_brand","embeddable":true,"href":"https:\/\/cuadratec.com.ar\/index.php?rest_route=%2Fwp%2Fv2%2Fproduct_brand&post=3126"},{"taxonomy":"product_cat","embeddable":true,"href":"https:\/\/cuadratec.com.ar\/index.php?rest_route=%2Fwp%2Fv2%2Fproduct_cat&post=3126"},{"taxonomy":"product_tag","embeddable":true,"href":"https:\/\/cuadratec.com.ar\/index.php?rest_route=%2Fwp%2Fv2%2Fproduct_tag&post=3126"}],"curies":[{"name":"wp","href":"https:\/\/api.w.org\/{rel}","templated":true}]}}